{"id":32,"date":"2026-03-03T09:25:42","date_gmt":"2026-03-03T08:25:42","guid":{"rendered":"https:\/\/site13.monsitecommeunpro.fr\/?page_id=32"},"modified":"2026-03-24T11:49:13","modified_gmt":"2026-03-24T10:49:13","slug":"notre-histoire","status":"publish","type":"page","link":"https:\/\/site13.monsitecommeunpro.fr\/?page_id=32","title":{"rendered":"Notre Histoire"},"content":{"rendered":"\n<p class=\"has-ast-global-color-8-color has-text-color has-link-color wp-elements-bd726a8e0e5aca610f5c5d2c3745688d\"><\/p>\n\n\n\n<div class=\"wp-block-media-text is-stacked-on-mobile has-ast-global-color-8-color has-text-color has-link-color wp-elements-da9165b9bf56f26bb48763698ef42905\"><figure class=\"wp-block-media-text__media\"><img loading=\"lazy\" decoding=\"async\" width=\"912\" height=\"1024\" src=\"https:\/\/site13.monsitecommeunpro.fr\/wp-content\/uploads\/2026\/03\/Sac-basique-912x1024.jpeg\" alt=\"\" class=\"wp-image-116 size-full\" srcset=\"https:\/\/site13.monsitecommeunpro.fr\/wp-content\/uploads\/2026\/03\/Sac-basique-912x1024.jpeg 912w, https:\/\/site13.monsitecommeunpro.fr\/wp-content\/uploads\/2026\/03\/Sac-basique-267x300.jpeg 267w, https:\/\/site13.monsitecommeunpro.fr\/wp-content\/uploads\/2026\/03\/Sac-basique-768x863.jpeg 768w, https:\/\/site13.monsitecommeunpro.fr\/wp-content\/uploads\/2026\/03\/Sac-basique.jpeg 1024w\" sizes=\"auto, (max-width: 912px) 100vw, 912px\" \/><\/figure><div class=\"wp-block-media-text__content\">\n<p class=\"has-ast-global-color-8-color has-text-color has-link-color has-medium-font-size wp-elements-f7884f6caa860cdd1259c7aaf1b91e00\">Depuis plusieurs g\u00e9n\u00e9rations, La maroquinerie Shatomy perp\u00e9tue une tradition de qualit\u00e9 et de savoir-faire dans l\u2019univers de la maroquinerie. <\/p>\n\n\n\n<p class=\"has-ast-global-color-8-color has-text-color has-link-color has-medium-font-size wp-elements-9560b2b542410b7c969930e87e355d75\">Situ\u00e9e \u00e0 Sedan, notre boutique est n\u00e9e d\u2019une passion pour les objets \u00e9l\u00e9gant et pour le cuir travaill\u00e9 avec soin. Depuis ses d\u00e9buts avec son sac Le Shatomy One produit phare, la maison s\u2019engage \u00e0 proposer des produits \u00e0 la fois \u00e9l\u00e9gants, durables et adapt\u00e9s au quotidien de ses clients. <\/p>\n\n\n\n<p class=\"has-ast-global-color-8-color has-text-color has-link-color has-medium-font-size wp-elements-90c97b7fd79ba2e8abcd55beb8c030cc\">Aujourd\u2019hui, Nous\u00a0 continuons d\u2019accompagner nos\u00a0 clients dans leurs voyages et leur quotidien, en restant fid\u00e8le \u00e0 nos\u00a0 valeurs : qualit\u00e9, \u00e9l\u00e9gance et confiance. Shatomy, c\u2019est avant tout une histoire de passion pour la maroquinerie et le plaisir de transmettre un savoir-faire intemporel.<\/p>\n<\/div><\/div>\n\n\n\n<p><\/p>\n","protected":false},"excerpt":{"rendered":"<p>Depuis plusieurs g\u00e9n\u00e9rations, La maroquinerie Shatomy perp\u00e9tue une tradition de qualit\u00e9 et de savoir-faire dans l\u2019univers de la maroquinerie. Situ\u00e9e [&hellip;]<\/p>\n","protected":false},"author":1,"featured_media":80,"parent":0,"menu_order":0,"comment_status":"closed","ping_status":"closed","template":"","meta":{"site-sidebar-layout":"default","site-content-layout":"","ast-site-content-layout":"default","site-content-style":"default","site-sidebar-style":"default","ast-global-header-display":"","ast-banner-title-visibility":"","ast-main-header-display":"","ast-hfb-above-header-display":"","ast-hfb-below-header-display":"","ast-hfb-mobile-header-display":"","site-post-title":"","ast-breadcrumbs-content":"","ast-featured-img":"","footer-sml-layout":"","theme-transparent-header-meta":"","adv-header-id-meta":"","stick-header-meta":"","header-above-stick-meta":"","header-main-stick-meta":"","header-below-stick-meta":"","astra-migrate-meta-layouts":"default","ast-page-background-enabled":"default","ast-page-background-meta":{"desktop":{"background-color":"var(--ast-global-color-5)","background-image":"","background-repeat":"repeat","background-position":"center center","background-size":"auto","background-attachment":"scroll","background-type":"","background-media":"","overlay-type":"","overlay-color":"","overlay-opacity":"","overlay-gradient":""},"tablet":{"background-color":"","background-image":"","background-repeat":"repeat","background-position":"center center","background-size":"auto","background-attachment":"scroll","background-type":"","background-media":"","overlay-type":"","overlay-color":"","overlay-opacity":"","overlay-gradient":""},"mobile":{"background-color":"","background-image":"","background-repeat":"repeat","background-position":"center center","background-size":"auto","background-attachment":"scroll","background-type":"","background-media":"","overlay-type":"","overlay-color":"","overlay-opacity":"","overlay-gradient":""}},"ast-content-background-meta":{"desktop":{"background-color":"var(--ast-global-color-4)","background-image":"","background-repeat":"repeat","background-position":"center center","background-size":"auto","background-attachment":"scroll","background-type":"","background-media":"","overlay-type":"","overlay-color":"","overlay-opacity":"","overlay-gradient":""},"tablet":{"background-color":"var(--ast-global-color-4)","background-image":"","background-repeat":"repeat","background-position":"center center","background-size":"auto","background-attachment":"scroll","background-type":"","background-media":"","overlay-type":"","overlay-color":"","overlay-opacity":"","overlay-gradient":""},"mobile":{"background-color":"var(--ast-global-color-4)","background-image":"","background-repeat":"repeat","background-position":"center center","background-size":"auto","background-attachment":"scroll","background-type":"","background-media":"","overlay-type":"","overlay-color":"","overlay-opacity":"","overlay-gradient":""}},"footnotes":""},"class_list":["post-32","page","type-page","status-publish","has-post-thumbnail","hentry"],"yoast_head":"<!-- This site is optimized with the Yoast SEO plugin v27.0 - https:\/\/yoast.com\/product\/yoast-seo-wordpress\/ -->\n<title>Notre Histoire -<\/title>\n<meta name=\"robots\" content=\"index, follow, max-snippet:-1, max-image-preview:large, max-video-preview:-1\" \/>\n<link rel=\"canonical\" href=\"https:\/\/site13.monsitecommeunpro.fr\/?page_id=32\" \/>\n<meta property=\"og:locale\" content=\"fr_FR\" \/>\n<meta property=\"og:type\" content=\"article\" \/>\n<meta property=\"og:title\" content=\"Notre Histoire -\" \/>\n<meta property=\"og:description\" content=\"Depuis plusieurs g\u00e9n\u00e9rations, La maroquinerie Shatomy perp\u00e9tue une tradition de qualit\u00e9 et de savoir-faire dans l\u2019univers de la maroquinerie. Situ\u00e9e [&hellip;]\" \/>\n<meta property=\"og:url\" content=\"https:\/\/site13.monsitecommeunpro.fr\/?page_id=32\" \/>\n<meta property=\"article:modified_time\" content=\"2026-03-24T10:49:13+00:00\" \/>\n<meta property=\"og:image\" content=\"https:\/\/site13.monsitecommeunpro.fr\/wp-content\/uploads\/2026\/03\/image0-e1772787377303.jpeg\" \/>\n\t<meta property=\"og:image:width\" content=\"746\" \/>\n\t<meta property=\"og:image:height\" content=\"720\" \/>\n\t<meta property=\"og:image:type\" content=\"image\/jpeg\" \/>\n<meta name=\"twitter:card\" content=\"summary_large_image\" \/>\n<meta name=\"twitter:label1\" content=\"Dur\u00e9e de lecture estim\u00e9e\" \/>\n\t<meta name=\"twitter:data1\" content=\"1 minute\" \/>\n<script type=\"application\/ld+json\" class=\"yoast-schema-graph\">{\"@context\":\"https:\/\/schema.org\",\"@graph\":[{\"@type\":\"WebPage\",\"@id\":\"https:\/\/site13.monsitecommeunpro.fr\/?page_id=32\",\"url\":\"https:\/\/site13.monsitecommeunpro.fr\/?page_id=32\",\"name\":\"Notre Histoire -\",\"isPartOf\":{\"@id\":\"https:\/\/site13.monsitecommeunpro.fr\/#website\"},\"primaryImageOfPage\":{\"@id\":\"https:\/\/site13.monsitecommeunpro.fr\/?page_id=32#primaryimage\"},\"image\":{\"@id\":\"https:\/\/site13.monsitecommeunpro.fr\/?page_id=32#primaryimage\"},\"thumbnailUrl\":\"https:\/\/site13.monsitecommeunpro.fr\/wp-content\/uploads\/2026\/03\/image0-e1772787377303.jpeg\",\"datePublished\":\"2026-03-03T08:25:42+00:00\",\"dateModified\":\"2026-03-24T10:49:13+00:00\",\"breadcrumb\":{\"@id\":\"https:\/\/site13.monsitecommeunpro.fr\/?page_id=32#breadcrumb\"},\"inLanguage\":\"fr-FR\",\"potentialAction\":[{\"@type\":\"ReadAction\",\"target\":[\"https:\/\/site13.monsitecommeunpro.fr\/?page_id=32\"]}]},{\"@type\":\"ImageObject\",\"inLanguage\":\"fr-FR\",\"@id\":\"https:\/\/site13.monsitecommeunpro.fr\/?page_id=32#primaryimage\",\"url\":\"https:\/\/site13.monsitecommeunpro.fr\/wp-content\/uploads\/2026\/03\/image0-e1772787377303.jpeg\",\"contentUrl\":\"https:\/\/site13.monsitecommeunpro.fr\/wp-content\/uploads\/2026\/03\/image0-e1772787377303.jpeg\",\"width\":746,\"height\":720},{\"@type\":\"BreadcrumbList\",\"@id\":\"https:\/\/site13.monsitecommeunpro.fr\/?page_id=32#breadcrumb\",\"itemListElement\":[{\"@type\":\"ListItem\",\"position\":1,\"name\":\"Accueil\",\"item\":\"https:\/\/site13.monsitecommeunpro.fr\/\"},{\"@type\":\"ListItem\",\"position\":2,\"name\":\"Notre Histoire\"}]},{\"@type\":\"WebSite\",\"@id\":\"https:\/\/site13.monsitecommeunpro.fr\/#website\",\"url\":\"https:\/\/site13.monsitecommeunpro.fr\/\",\"name\":\"\",\"description\":\"\",\"potentialAction\":[{\"@type\":\"SearchAction\",\"target\":{\"@type\":\"EntryPoint\",\"urlTemplate\":\"https:\/\/site13.monsitecommeunpro.fr\/?s={search_term_string}\"},\"query-input\":{\"@type\":\"PropertyValueSpecification\",\"valueRequired\":true,\"valueName\":\"search_term_string\"}}],\"inLanguage\":\"fr-FR\"}]}<\/script>\n<!-- \/ Yoast SEO plugin. -->","yoast_head_json":{"title":"Notre Histoire -","robots":{"index":"index","follow":"follow","max-snippet":"max-snippet:-1","max-image-preview":"max-image-preview:large","max-video-preview":"max-video-preview:-1"},"canonical":"https:\/\/site13.monsitecommeunpro.fr\/?page_id=32","og_locale":"fr_FR","og_type":"article","og_title":"Notre Histoire -","og_description":"Depuis plusieurs g\u00e9n\u00e9rations, La maroquinerie Shatomy perp\u00e9tue une tradition de qualit\u00e9 et de savoir-faire dans l\u2019univers de la maroquinerie. Situ\u00e9e [&hellip;]","og_url":"https:\/\/site13.monsitecommeunpro.fr\/?page_id=32","article_modified_time":"2026-03-24T10:49:13+00:00","og_image":[{"width":746,"height":720,"url":"https:\/\/site13.monsitecommeunpro.fr\/wp-content\/uploads\/2026\/03\/image0-e1772787377303.jpeg","type":"image\/jpeg"}],"twitter_card":"summary_large_image","twitter_misc":{"Dur\u00e9e de lecture estim\u00e9e":"1 minute"},"schema":{"@context":"https:\/\/schema.org","@graph":[{"@type":"WebPage","@id":"https:\/\/site13.monsitecommeunpro.fr\/?page_id=32","url":"https:\/\/site13.monsitecommeunpro.fr\/?page_id=32","name":"Notre Histoire -","isPartOf":{"@id":"https:\/\/site13.monsitecommeunpro.fr\/#website"},"primaryImageOfPage":{"@id":"https:\/\/site13.monsitecommeunpro.fr\/?page_id=32#primaryimage"},"image":{"@id":"https:\/\/site13.monsitecommeunpro.fr\/?page_id=32#primaryimage"},"thumbnailUrl":"https:\/\/site13.monsitecommeunpro.fr\/wp-content\/uploads\/2026\/03\/image0-e1772787377303.jpeg","datePublished":"2026-03-03T08:25:42+00:00","dateModified":"2026-03-24T10:49:13+00:00","breadcrumb":{"@id":"https:\/\/site13.monsitecommeunpro.fr\/?page_id=32#breadcrumb"},"inLanguage":"fr-FR","potentialAction":[{"@type":"ReadAction","target":["https:\/\/site13.monsitecommeunpro.fr\/?page_id=32"]}]},{"@type":"ImageObject","inLanguage":"fr-FR","@id":"https:\/\/site13.monsitecommeunpro.fr\/?page_id=32#primaryimage","url":"https:\/\/site13.monsitecommeunpro.fr\/wp-content\/uploads\/2026\/03\/image0-e1772787377303.jpeg","contentUrl":"https:\/\/site13.monsitecommeunpro.fr\/wp-content\/uploads\/2026\/03\/image0-e1772787377303.jpeg","width":746,"height":720},{"@type":"BreadcrumbList","@id":"https:\/\/site13.monsitecommeunpro.fr\/?page_id=32#breadcrumb","itemListElement":[{"@type":"ListItem","position":1,"name":"Accueil","item":"https:\/\/site13.monsitecommeunpro.fr\/"},{"@type":"ListItem","position":2,"name":"Notre Histoire"}]},{"@type":"WebSite","@id":"https:\/\/site13.monsitecommeunpro.fr\/#website","url":"https:\/\/site13.monsitecommeunpro.fr\/","name":"","description":"","potentialAction":[{"@type":"SearchAction","target":{"@type":"EntryPoint","urlTemplate":"https:\/\/site13.monsitecommeunpro.fr\/?s={search_term_string}"},"query-input":{"@type":"PropertyValueSpecification","valueRequired":true,"valueName":"search_term_string"}}],"inLanguage":"fr-FR"}]}},"_links":{"self":[{"href":"https:\/\/site13.monsitecommeunpro.fr\/index.php?rest_route=\/wp\/v2\/pages\/32","targetHints":{"allow":["GET"]}}],"collection":[{"href":"https:\/\/site13.monsitecommeunpro.fr\/index.php?rest_route=\/wp\/v2\/pages"}],"about":[{"href":"https:\/\/site13.monsitecommeunpro.fr\/index.php?rest_route=\/wp\/v2\/types\/page"}],"author":[{"embeddable":true,"href":"https:\/\/site13.monsitecommeunpro.fr\/index.php?rest_route=\/wp\/v2\/users\/1"}],"replies":[{"embeddable":true,"href":"https:\/\/site13.monsitecommeunpro.fr\/index.php?rest_route=%2Fwp%2Fv2%2Fcomments&post=32"}],"version-history":[{"count":7,"href":"https:\/\/site13.monsitecommeunpro.fr\/index.php?rest_route=\/wp\/v2\/pages\/32\/revisions"}],"predecessor-version":[{"id":165,"href":"https:\/\/site13.monsitecommeunpro.fr\/index.php?rest_route=\/wp\/v2\/pages\/32\/revisions\/165"}],"wp:featuredmedia":[{"embeddable":true,"href":"https:\/\/site13.monsitecommeunpro.fr\/index.php?rest_route=\/wp\/v2\/media\/80"}],"wp:attachment":[{"href":"https:\/\/site13.monsitecommeunpro.fr\/index.php?rest_route=%2Fwp%2Fv2%2Fmedia&parent=32"}],"curies":[{"name":"wp","href":"https:\/\/api.w.org\/{rel}","templated":true}]}}